{"id":27,"date":"2023-02-24T13:23:15","date_gmt":"2023-02-24T13:23:15","guid":{"rendered":"https:\/\/cherhanaua-veche.wp.stdev.ro\/?page_id=27"},"modified":"2023-03-20T16:06:54","modified_gmt":"2023-03-20T16:06:54","slug":"poveste","status":"publish","type":"page","link":"https:\/\/cherhanaua-veche.wp.stdev.ro\/en\/poveste\/","title":{"rendered":"Poveste"},"content":{"rendered":"<div data-elementor-type=\"wp-page\" data-elementor-id=\"27\" class=\"elementor elementor-27\">\n\t\t\t\t\t\t\t\t\t<section class=\"elementor-section elementor-top-section elementor-element elementor-element-4d508417 elementor-section-boxed elementor-section-height-default elementor-section-height-default\" data-id=\"4d508417\" data-element_type=\"section\" data-settings=\"{&quot;background_background&quot;:&quot;gradient&quot;}\">\n\t\t\t\t\t\t\t<div class=\"elementor-background-overlay\"><\/div>\n\t\t\t\t\t\t\t<div class=\"elementor-container elementor-column-gap-default\">\n\t\t\t\t\t<div class=\"elementor-column elementor-col-100 elementor-top-column elementor-element elementor-element-4de859e1\" data-id=\"4de859e1\" data-element_type=\"column\">\n\t\t\t<div class=\"elementor-widget-wrap elementor-element-populated\">\n\t\t\t\t\t\t\t\t<div class=\"elementor-element elementor-element-e2dae34 envato-kit-98-line-sides elementor-widget elementor-widget-heading\" data-id=\"e2dae34\" data-element_type=\"widget\" data-widget_type=\"heading.default\">\n\t\t\t\t<div class=\"elementor-widget-container\">\n\t\t\t<style>\/*! elementor - v3.11.2 - 22-02-2023 *\/\n.elementor-heading-title{padding:0;margin:0;line-height:1}.elementor-widget-heading .elementor-heading-title[class*=elementor-size-]>a{color:inherit;font-size:inherit;line-height:inherit}.elementor-widget-heading .elementor-heading-title.elementor-size-small{font-size:15px}.elementor-widget-heading .elementor-heading-title.elementor-size-medium{font-size:19px}.elementor-widget-heading .elementor-heading-title.elementor-size-large{font-size:29px}.elementor-widget-heading .elementor-heading-title.elementor-size-xl{font-size:39px}.elementor-widget-heading .elementor-heading-title.elementor-size-xxl{font-size:59px}<\/style><h1 class=\"elementor-heading-title elementor-size-default\">Cine suntem noi?<\/h1>\t\t<\/div>\n\t\t\t\t<\/div>\n\t\t\t\t<div class=\"elementor-element elementor-element-22ebc66e elementor-widget elementor-widget-heading\" data-id=\"22ebc66e\" data-element_type=\"widget\" data-widget_type=\"heading.default\">\n\t\t\t\t<div class=\"elementor-widget-container\">\n\t\t\t<h1 class=\"elementor-heading-title elementor-size-default\">Povestea noastr\u0103<\/h1>\t\t<\/div>\n\t\t\t\t<\/div>\n\t\t\t\t\t<\/div>\n\t\t<\/div>\n\t\t\t\t\t\t\t<\/div>\n\t\t<\/section>\n\t\t\t\t<section class=\"elementor-section elementor-top-section elementor-element elementor-element-56905f7c elementor-section-boxed elementor-section-height-default elementor-section-height-default\" data-id=\"56905f7c\" data-element_type=\"section\" data-settings=\"{&quot;background_background&quot;:&quot;gradient&quot;}\">\n\t\t\t\t\t\t\t<div class=\"elementor-background-overlay\"><\/div>\n\t\t\t\t\t\t\t<div class=\"elementor-container elementor-column-gap-default\">\n\t\t\t\t\t<div class=\"elementor-column elementor-col-50 elementor-top-column elementor-element elementor-element-3bf86387\" data-id=\"3bf86387\" data-element_type=\"column\">\n\t\t\t<div class=\"elementor-widget-wrap elementor-element-populated\">\n\t\t\t\t\t\t\t\t<div class=\"elementor-element elementor-element-637c773 elementor-widget elementor-widget-spacer\" data-id=\"637c773\" data-element_type=\"widget\" data-widget_type=\"spacer.default\">\n\t\t\t\t<div class=\"elementor-widget-container\">\n\t\t\t<style>\/*! elementor - v3.11.2 - 22-02-2023 *\/\n.elementor-column .elementor-spacer-inner{height:var(--spacer-size)}.e-con{--container-widget-width:100%}.e-con-inner>.elementor-widget-spacer,.e-con>.elementor-widget-spacer{width:var(--container-widget-width,var(--spacer-size));--align-self:var(--container-widget-align-self,initial);--flex-shrink:0}.e-con-inner>.elementor-widget-spacer>.elementor-widget-container,.e-con-inner>.elementor-widget-spacer>.elementor-widget-container>.elementor-spacer,.e-con>.elementor-widget-spacer>.elementor-widget-container,.e-con>.elementor-widget-spacer>.elementor-widget-container>.elementor-spacer{height:100%}.e-con-inner>.elementor-widget-spacer>.elementor-widget-container>.elementor-spacer>.elementor-spacer-inner,.e-con>.elementor-widget-spacer>.elementor-widget-container>.elementor-spacer>.elementor-spacer-inner{height:var(--container-widget-height,var(--spacer-size))}<\/style>\t\t<div class=\"elementor-spacer\">\n\t\t\t<div class=\"elementor-spacer-inner\"><\/div>\n\t\t<\/div>\n\t\t\t\t<\/div>\n\t\t\t\t<\/div>\n\t\t\t\t<div class=\"elementor-element elementor-element-7dce0427 elementor-widget elementor-widget-text-editor\" data-id=\"7dce0427\" data-element_type=\"widget\" data-widget_type=\"text-editor.default\">\n\t\t\t\t<div class=\"elementor-widget-container\">\n\t\t\t<style>\/*! elementor - v3.11.2 - 22-02-2023 *\/\n.elementor-widget-text-editor.elementor-drop-cap-view-stacked .elementor-drop-cap{background-color:#818a91;color:#fff}.elementor-widget-text-editor.elementor-drop-cap-view-framed .elementor-drop-cap{color:#818a91;border:3px solid;background-color:transparent}.elementor-widget-text-editor:not(.elementor-drop-cap-view-default) .elementor-drop-cap{margin-top:8px}.elementor-widget-text-editor:not(.elementor-drop-cap-view-default) .elementor-drop-cap-letter{width:1em;height:1em}.elementor-widget-text-editor .elementor-drop-cap{float:left;text-align:center;line-height:1;font-size:50px}.elementor-widget-text-editor .elementor-drop-cap-letter{display:inline-block}<\/style>\t\t\t\t<p>Daca \u021bi-e dor de semi glumele lui Grecu, pove\u0219tile cu Gogu sau \u0218tefan, ciorbele cu Bancheru, Voicu, Vio sau Cristi, o sa g\u0103se\u0219ti pu\u021bin din toate la CV (Cherhanaua Veche).<\/p><p>\u00a0<\/p>\t\t\t\t\t\t<\/div>\n\t\t\t\t<\/div>\n\t\t\t\t<div class=\"elementor-element elementor-element-cc015bd elementor-widget elementor-widget-text-editor\" data-id=\"cc015bd\" data-element_type=\"widget\" data-widget_type=\"text-editor.default\">\n\t\t\t\t<div class=\"elementor-widget-container\">\n\t\t\t\t\t\t\t<p>Vrei sa cuno\u0219ti gustul ciorbelor, plachiilor, saramurilor ca la Ciotica sau Ro\u0219u? La Cherhanaua Veche preparam onest, simplu a\u0219a cum se g\u0103te\u0219te \u00een balt\u0103, la brig\u0103zile pesc\u0103re\u0219ti sau \u00een gospod\u0103riile localnicilor.<\/p><p>\u00a0<\/p>\t\t\t\t\t\t<\/div>\n\t\t\t\t<\/div>\n\t\t\t\t<div class=\"elementor-element elementor-element-60eda529 elementor-widget elementor-widget-image\" data-id=\"60eda529\" data-element_type=\"widget\" data-widget_type=\"image.default\">\n\t\t\t\t<div class=\"elementor-widget-container\">\n\t\t\t<style>\/*! elementor - v3.11.2 - 22-02-2023 *\/\n.elementor-widget-image{text-align:center}.elementor-widget-image a{display:inline-block}.elementor-widget-image a img[src$=\".svg\"]{width:48px}.elementor-widget-image img{vertical-align:middle;display:inline-block}<\/style>\t\t\t\t\t\t\t\t\t\t\t\t\t<a href=\"https:\/\/cherhanaua-veche.wp.stdev.ro\/wp-content\/uploads\/2023\/02\/restaurant-scaled.jpg\" data-elementor-open-lightbox=\"yes\" data-e-action-hash=\"#elementor-action%3Aaction%3Dlightbox%26settings%3DeyJpZCI6MTMxLCJ1cmwiOiJodHRwczpcL1wvY2hlcmhhbmF1YS12ZWNoZS53cC5zdGRldi5yb1wvd3AtY29udGVudFwvdXBsb2Fkc1wvMjAyM1wvMDJcL3Jlc3RhdXJhbnQtc2NhbGVkLmpwZyJ9\">\n\t\t\t\t\t\t\t<img decoding=\"async\" src=\"https:\/\/cherhanaua-veche.wp.stdev.ro\/wp-content\/uploads\/elementor\/thumbs\/restaurant-scaled-q2rzeiv8znqgt0p0vh9thl16kk07jlqws85fd91qg8.jpg\" title=\"\" alt=\"\" loading=\"lazy\" \/>\t\t\t\t\t\t\t\t<\/a>\n\t\t\t\t\t\t\t\t\t\t\t\t\t\t\t<\/div>\n\t\t\t\t<\/div>\n\t\t\t\t<div class=\"elementor-element elementor-element-3204355 elementor-widget elementor-widget-heading\" data-id=\"3204355\" data-element_type=\"widget\" data-widget_type=\"heading.default\">\n\t\t\t\t<div class=\"elementor-widget-container\">\n\t\t\t<h2 class=\"elementor-heading-title elementor-size-default\">Avem parteneriate cu cherhanale \u0219i produc\u0103tori locali.<\/h2>\t\t<\/div>\n\t\t\t\t<\/div>\n\t\t\t\t\t<\/div>\n\t\t<\/div>\n\t\t\t\t<div class=\"elementor-column elementor-col-50 elementor-top-column elementor-element elementor-element-7ed0fb48\" data-id=\"7ed0fb48\" data-element_type=\"column\">\n\t\t\t<div class=\"elementor-widget-wrap elementor-element-populated\">\n\t\t\t\t\t\t\t\t<div class=\"elementor-element elementor-element-5b88aac9 elementor-widget elementor-widget-image\" data-id=\"5b88aac9\" data-element_type=\"widget\" data-widget_type=\"image.default\">\n\t\t\t\t<div class=\"elementor-widget-container\">\n\t\t\t\t\t\t\t\t\t\t\t\t\t\t\t\t<a href=\"https:\/\/cherhanaua-veche.wp.stdev.ro\/wp-content\/uploads\/2023\/02\/restaurant-corridor-with-small-two-people-tables-scaled.jpg\" data-elementor-open-lightbox=\"yes\" data-e-action-hash=\"#elementor-action%3Aaction%3Dlightbox%26settings%3DeyJpZCI6MTMwLCJ1cmwiOiJodHRwczpcL1wvY2hlcmhhbmF1YS12ZWNoZS53cC5zdGRldi5yb1wvd3AtY29udGVudFwvdXBsb2Fkc1wvMjAyM1wvMDJcL3Jlc3RhdXJhbnQtY29ycmlkb3Itd2l0aC1zbWFsbC10d28tcGVvcGxlLXRhYmxlcy1zY2FsZWQuanBnIn0%3D\">\n\t\t\t\t\t\t\t<img decoding=\"async\" src=\"https:\/\/cherhanaua-veche.wp.stdev.ro\/wp-content\/uploads\/elementor\/thumbs\/restaurant-corridor-with-small-two-people-tables-scaled-q2rzdz4n04yvkm5eqo27046hpm9as2ld40ye9hc11c.jpg\" title=\"\" alt=\"\" loading=\"lazy\" \/>\t\t\t\t\t\t\t\t<\/a>\n\t\t\t\t\t\t\t\t\t\t\t\t\t\t\t<\/div>\n\t\t\t\t<\/div>\n\t\t\t\t<div class=\"elementor-element elementor-element-4d31095d elementor-widget elementor-widget-image\" data-id=\"4d31095d\" data-element_type=\"widget\" data-widget_type=\"image.default\">\n\t\t\t\t<div class=\"elementor-widget-container\">\n\t\t\t\t\t\t\t\t\t\t\t\t\t\t\t\t<a href=\"https:\/\/cherhanaua-veche.wp.stdev.ro\/wp-content\/uploads\/2023\/02\/dinner-table-with-foods-soft-drinks-restaurant-scaled.jpg\" data-elementor-open-lightbox=\"yes\" data-elementor-lightbox-title=\"dinner-table-with-foods-soft-drinks-restaurant\" data-e-action-hash=\"#elementor-action%3Aaction%3Dlightbox%26settings%3DeyJpZCI6MTA5LCJ1cmwiOiJodHRwczpcL1wvY2hlcmhhbmF1YS12ZWNoZS53cC5zdGRldi5yb1wvd3AtY29udGVudFwvdXBsb2Fkc1wvMjAyM1wvMDJcL2Rpbm5lci10YWJsZS13aXRoLWZvb2RzLXNvZnQtZHJpbmtzLXJlc3RhdXJhbnQtc2NhbGVkLmpwZyJ9\">\n\t\t\t\t\t\t\t<img decoding=\"async\" src=\"https:\/\/cherhanaua-veche.wp.stdev.ro\/wp-content\/uploads\/elementor\/thumbs\/dinner-table-with-foods-soft-drinks-restaurant-scaled-q2rywbpqo4t1k7sdt1ee6kiw55968oitcny5ufi5vk.jpg\" title=\"dinner-table-with-foods-soft-drinks-restaurant\" alt=\"dinner-table-with-foods-soft-drinks-restaurant\" loading=\"lazy\" \/>\t\t\t\t\t\t\t\t<\/a>\n\t\t\t\t\t\t\t\t\t\t\t\t\t\t\t<\/div>\n\t\t\t\t<\/div>\n\t\t\t\t\t<\/div>\n\t\t<\/div>\n\t\t\t\t\t\t\t<\/div>\n\t\t<\/section>\n\t\t\t\t<section class=\"elementor-section elementor-top-section elementor-element elementor-element-20c4c2b elementor-section-boxed elementor-section-height-default elementor-section-height-default\" data-id=\"20c4c2b\" data-element_type=\"section\" data-settings=\"{&quot;background_background&quot;:&quot;gradient&quot;}\">\n\t\t\t\t\t\t\t<div class=\"elementor-background-overlay\"><\/div>\n\t\t\t\t\t\t\t<div class=\"elementor-container elementor-column-gap-default\">\n\t\t\t\t\t<div class=\"elementor-column elementor-col-50 elementor-top-column elementor-element elementor-element-e319362\" data-id=\"e319362\" data-element_type=\"column\">\n\t\t\t<div class=\"elementor-widget-wrap elementor-element-populated\">\n\t\t\t\t\t\t\t\t<div class=\"elementor-element elementor-element-8c09be9 elementor-widget elementor-widget-heading\" data-id=\"8c09be9\" data-element_type=\"widget\" data-widget_type=\"heading.default\">\n\t\t\t\t<div class=\"elementor-widget-container\">\n\t\t\t<h2 class=\"elementor-heading-title elementor-size-default\"><a href=\"https:\/\/cherhanaua-veche.wp.stdev.ro\/en\/termeni-si-conditii\/\">Termeni \u0219i condi\u021bii<\/a><\/h2>\t\t<\/div>\n\t\t\t\t<\/div>\n\t\t\t\t\t<\/div>\n\t\t<\/div>\n\t\t\t\t<div class=\"elementor-column elementor-col-50 elementor-top-column elementor-element elementor-element-a47f079\" data-id=\"a47f079\" data-element_type=\"column\">\n\t\t\t<div class=\"elementor-widget-wrap elementor-element-populated\">\n\t\t\t\t\t\t\t\t<div class=\"elementor-element elementor-element-1425587 elementor-widget elementor-widget-heading\" data-id=\"1425587\" data-element_type=\"widget\" data-widget_type=\"heading.default\">\n\t\t\t\t<div class=\"elementor-widget-container\">\n\t\t\t<h2 class=\"elementor-heading-title elementor-size-default\"><a href=\"https:\/\/cherhanaua-veche.wp.stdev.ro\/en\/politica-de-confidentialitate\/\">Politic\u0103 de confiden\u021bitate<\/a><\/h2>\t\t<\/div>\n\t\t\t\t<\/div>\n\t\t\t\t\t<\/div>\n\t\t<\/div>\n\t\t\t\t\t\t\t<\/div>\n\t\t<\/section>\n\t\t\t\t\t\t\t<\/div>","protected":false},"excerpt":{"rendered":"<p>Cine suntem noi? Povestea noastr\u0103 Daca \u021bi-e dor de semi glumele lui Grecu, pove\u0219tile cu Gogu sau \u0218tefan, ciorbele cu Bancheru, Voicu, Vio sau Cristi, o sa g\u0103se\u0219ti pu\u021bin din toate la CV (Cherhanaua Veche). \u00a0 Vrei sa cuno\u0219ti gustul ciorbelor, plachiilor, saramurilor ca la Ciotica sau Ro\u0219u? La Cherhanaua Veche preparam onest, simplu a\u0219a<\/p>\n<div class=\"more-link\">\n\t\t\t\t <a href=\"https:\/\/cherhanaua-veche.wp.stdev.ro\/en\/poveste\/\" class=\"btn theme-btn inverted\"><span>Read More <\/span><\/a>\n\t\t\t<\/div>","protected":false},"author":1,"featured_media":0,"parent":0,"menu_order":0,"comment_status":"closed","ping_status":"closed","template":"elementor_header_footer","meta":{"footnotes":""},"class_list":["post-27","page","type-page","status-publish","hentry"],"_links":{"self":[{"href":"https:\/\/cherhanaua-veche.wp.stdev.ro\/en\/wp-json\/wp\/v2\/pages\/27","targetHints":{"allow":["GET"]}}],"collection":[{"href":"https:\/\/cherhanaua-veche.wp.stdev.ro\/en\/wp-json\/wp\/v2\/pages"}],"about":[{"href":"https:\/\/cherhanaua-veche.wp.stdev.ro\/en\/wp-json\/wp\/v2\/types\/page"}],"author":[{"embeddable":true,"href":"https:\/\/cherhanaua-veche.wp.stdev.ro\/en\/wp-json\/wp\/v2\/users\/1"}],"replies":[{"embeddable":true,"href":"https:\/\/cherhanaua-veche.wp.stdev.ro\/en\/wp-json\/wp\/v2\/comments?post=27"}],"version-history":[{"count":23,"href":"https:\/\/cherhanaua-veche.wp.stdev.ro\/en\/wp-json\/wp\/v2\/pages\/27\/revisions"}],"predecessor-version":[{"id":920,"href":"https:\/\/cherhanaua-veche.wp.stdev.ro\/en\/wp-json\/wp\/v2\/pages\/27\/revisions\/920"}],"wp:attachment":[{"href":"https:\/\/cherhanaua-veche.wp.stdev.ro\/en\/wp-json\/wp\/v2\/media?parent=27"}],"curies":[{"name":"wp","href":"https:\/\/api.w.org\/{rel}","templated":true}]}}